{"id":3149,"date":"2023-02-07T14:46:11","date_gmt":"2023-02-07T13:46:11","guid":{"rendered":"https:\/\/www.intocast.de\/?page_id=3149"},"modified":"2023-05-10T11:00:17","modified_gmt":"2023-05-10T09:00:17","slug":"privacy-policy","status":"publish","type":"page","link":"https:\/\/www.hamag.de\/en\/privacy-policy\/","title":{"rendered":"Privacy Policy"},"content":{"rendered":"<div id=\"pl-3149\"  class=\"panel-layout\" ><div id=\"pg-3149-0\"  class=\"panel-grid panel-has-style\" ><div class=\"panel-row-style panel-row-style-for-3149-0\" ><div id=\"pgc-3149-0-0\"  class=\"panel-grid-cell\" ><div id=\"panel-3149-0-0-0\" class=\"so-panel widget widget_sow-editor panel-first-child panel-last-child\" data-index=\"0\" ><div\n\t\t\t\n\t\t\tclass=\"so-widget-sow-editor so-widget-sow-editor-base\"\n\t\t\t\n\t\t>\n<div class=\"siteorigin-widget-tinymce textwidget\">\n\t<h1 style=\"text-align: center;\">Privacy Policy<\/h1>\n<\/div>\n<\/div><\/div><\/div><\/div><\/div><div id=\"pg-3149-1\"  class=\"panel-grid panel-has-style\" ><div class=\"panel-row-style panel-row-style-for-3149-1\" ><div id=\"pgc-3149-1-0\"  class=\"panel-grid-cell\" ><div id=\"panel-3149-1-0-0\" class=\"so-panel widget widget_sow-editor panel-first-child panel-last-child\" data-index=\"1\" ><div\n\t\t\t\n\t\t\tclass=\"so-widget-sow-editor so-widget-sow-editor-base\"\n\t\t\t\n\t\t>\n<div class=\"siteorigin-widget-tinymce textwidget\">\n\t<p class=\"Body\"><b><span lang=\"EN-US\" style=\"font-size: 12.0pt;\">An overview of data protection<\/span><\/b><\/p>\n<p>&nbsp;<\/p>\n<p class=\"Body\"><b><span lang=\"EN-US\">General<\/span><\/b><\/p>\n<p class=\"Body\"><span lang=\"EN-US\">The following gives a simple overview of what happens to your personal information when you visit our website. Personal information is any data with which you could be personally identified. Detailed information on the subject of data protection can be found in our privacy policy found below.<\/span><\/p>\n<p>&nbsp;<\/p>\n<p class=\"Body\"><b><span lang=\"EN-US\">Data collection on our website<\/span><\/b><\/p>\n<p class=\"Body\"><span lang=\"EN-US\">Who is responsible for the data collection on this website?<\/span><\/p>\n<p class=\"Body\"><span lang=\"EN-US\">The data collected on this website are processed by the website operator. The operator\u2019s contact details can be found in the website\u2019s required legal notice.<\/span><\/p>\n<p>&nbsp;<\/p>\n<p class=\"Body\"><strong><span lang=\"EN-US\">How do we collect your data?<\/span><\/strong><\/p>\n<p class=\"Body\"><span lang=\"EN-US\">Some data are collected when you provide it to us. This could, for example, be data you enter on a contact form.<\/span><\/p>\n<p class=\"Body\"><span lang=\"EN-US\">Other data are collected automatically by our IT systems when you visit the website. These data are primarily technical data such as the browser and operating system you are using or when you accessed the page. These data are collected automatically as soon as you enter our website.<\/span><\/p>\n<p>&nbsp;<\/p>\n<p class=\"Body\"><strong><span lang=\"EN-US\">What do we use your data for?<\/span><\/strong><\/p>\n<p class=\"Body\"><span lang=\"EN-US\">Part of the data is collected to ensure the proper functioning of the website. Other data can be used to analyze how visitors use the site.<\/span><\/p>\n<p>&nbsp;<\/p>\n<p class=\"Body\"><strong><span lang=\"EN-US\">What rights do you have regarding your data?<\/span><\/strong><\/p>\n<p class=\"Body\"><span lang=\"EN-US\">You always have the right to request information about your stored data, its origin, its recipients, and the purpose of its collection at no charge. You also have the right to request that it be corrected, blocked, or deleted. You can contact us at any time using the address given in the legal notice if you have further questions about the issue of privacy and data protection. You may also, of course, file a complaint with the competent regulatory authorities.<\/span><\/p>\n<p><strong>\u00a0<\/strong><\/p>\n<p class=\"Body\"><b><span lang=\"EN-US\">Analytics and third-party tools<\/span><\/b><\/p>\n<p class=\"Body\"><span lang=\"EN-US\">When visiting our website, statistical analyses may be made of your surfing behavior. This happens primarily using cookies and analytics. The analysis of your surfing behavior is usually anonymous, i.e. we will not be able to identify you from this data. You can object to this analysis or prevent it by not using certain tools. Details can be found in our privacy policy under the heading \u201cThird-party modules and analytics.\u201d<\/span><\/p>\n<p class=\"Body\"><span lang=\"EN-US\">You can object to this analysis. We will inform you below about how to exercise your options in this regard.<\/span><\/p>\n<p>&nbsp;<\/p>\n<p class=\"Body\"><b><span lang=\"EN-US\" style=\"font-size: 12.0pt;\">General information and mandatory information<\/span><\/b><\/p>\n<p class=\"Body\"><b><span lang=\"EN-US\">Data protection<\/span><\/b><\/p>\n<p class=\"Body\"><span lang=\"EN-US\">The operators of this website take the protection of your personal data very seriously. We treat your personal data as confidential and in accordance with the statutory data protection regulations and this privacy policy.<\/span><\/p>\n<p class=\"Body\"><span lang=\"EN-US\">If you use this website, various pieces of personal data will be collected. Personal information is any data with which you could be personally identified. This privacy policy explains what information we collect and what we use it for. It also explains how and for what purpose this happens.<\/span><\/p>\n<p class=\"Body\"><span lang=\"EN-US\">Please note that data transmitted via the internet (e.g. via email communication) may be subject to security breaches. Complete protection of your data from third-party access is not possible.<\/span><\/p>\n<p>&nbsp;<\/p>\n<p class=\"Body\"><b><span lang=\"EN-US\">Revocation of your consent to the processing of your data<\/span><\/b><\/p>\n<p class=\"Body\"><span lang=\"EN-US\">Many data processing operations are only possible with your express consent. You may revoke your consent at any time with future effect. An informal email making this request is sufficient. The data processed before we receive your request may still be legally processed.<\/span><\/p>\n<p>&nbsp;<\/p>\n<p class=\"Body\"><b><span lang=\"EN-US\">Right to file complaints with regulatory authorities<\/span><\/b><\/p>\n<p class=\"Body\"><span lang=\"EN-US\">If there has been a breach of data protection legislation, the person affected may file a complaint with the competent regulatory authorities. The competent regulatory authority for matters related to data protection legislation is the data protection officer of the German state in which our company is headquartered. A list of data protection officers and their contact details can be found at the following link:\u00a0<a href=\"https:\/\/www.bfdi.bund.de\/DE\/Infothek\/Anschriften_Links\/anschriften_links-node.html\" target=\"_blank\" rel=\"noopener\">https:\/\/www.bfdi.bund.de\/DE\/Infothek\/Anschriften_Links\/anschriften_links-node.html<\/a>.<\/span><\/p>\n<p>&nbsp;<\/p>\n<p class=\"Body\"><b><span lang=\"EN-US\">Data protection commissioner<\/span><\/b><\/p>\n<p class=\"Body\"><span lang=\"EN-US\">Responsible for compliance with and control of data protection is the external data protection officer of MAPEKO Feuer GmbH &amp; Co. KG.<\/span><\/p>\n<p class=\"Body\"><span lang=\"EN-US\">He will gladly provide you with further information on the subject of data protection at the following address:<\/span><\/p>\n<p>Patrick Rayermann<\/p>\n<p>certitut<\/p>\n<p>Gesellschaft f\u00fcr Compliance und Datenschutz mbH<\/p>\n<p>Hackenstr. 7<\/p>\n<p>80331 M\u00fcnchen<\/p>\n<p>&nbsp;<\/p>\n<p>Telefon +49 89 21541600<\/p>\n<p>E-Mail datenschutz(at)hamag.de<\/p>\n<p>&nbsp;<\/p>\n<p class=\"Body\"><b><span lang=\"EN-US\">Right to data portability<\/span><\/b><\/p>\n<p class=\"Body\"><span lang=\"EN-US\">You have the right to have data which we process based on your consent or in fulfillment of a contract automatically delivered to yourself or to a third party in a standard, machine-readable format. If you require the direct transfer of data to another responsible party, this will only be done to the extent technically feasible.<\/span><\/p>\n<p>&nbsp;<\/p>\n<p class=\"Body\"><b><span lang=\"EN-US\">SSL or TLS encryption<\/span><\/b><\/p>\n<p class=\"Body\"><span lang=\"EN-US\">This site uses SSL or TLS encryption for security reasons and for the protection of the transmission of confidential content, such as the inquiries you send to us as the site operator. You can recognize an encrypted connection in your browser\u2019s address line when it changes from \u201chttp:\/\/\u201d to \u201chttps:\/\/\u201d and the lock icon is displayed in your browser\u2019s address bar.<\/span><\/p>\n<p class=\"Body\"><span lang=\"EN-US\">If SSL or TLS encryption is activated, the data you transfer to us cannot be read by third parties.<\/span><\/p>\n<p>Wenn die SSL- bzw. TLS-Verschl\u00fcsselung aktiviert ist, k\u00f6nnen die Daten, die Sie an uns \u00fcbermitteln, nicht von Dritten mitgelesen werden.<\/p>\n<p>&nbsp;<\/p>\n<p><b><span lang=\"EN-US\">Information, blocking, deletion<\/span><\/b><\/p>\n<p class=\"Body\"><span lang=\"EN-US\">As permitted by law, you have the right to be provided at any time with information free of charge about any of your personal data that is stored as well as its origin, the recipient and the purpose for which it has been processed. You also have the right to have this data corrected, blocked or deleted. You can contact us at any time using the address given in our legal notice if you have further questions on the topic of personal data.<\/span><\/p>\n<p>&nbsp;<\/p>\n<p class=\"Body\"><b><span lang=\"EN-US\">Opposition to promotional emails<\/span><\/b><\/p>\n<p class=\"Body\"><span lang=\"EN-US\">We hereby expressly prohibit the use of contact data published in the context of website legal notice requirements with regard to sending promotional and informational materials not expressly requested. The website operator reserves the right to take specific legal action if unsolicited advertising material, such as email spam, is received.<\/span><\/p>\n<p>&nbsp;<\/p>\n<p class=\"Body\"><b><span lang=\"EN-US\" style=\"font-size: 12.0pt;\">Data collection on our website<\/span><\/b><\/p>\n<p class=\"Body\"><b><span lang=\"EN-US\">Cookies<\/span><\/b><\/p>\n<p class=\"Body\"><span lang=\"EN-US\">Some of our web pages use cookies. Cookies do not harm your computer and do not contain any viruses. Cookies help make our website more user-friendly, efficient, and secure. Cookies are small text files that are stored on your computer and saved by your browser.<\/span><\/p>\n<p class=\"Body\"><span lang=\"EN-US\">Most of the cookies we use are so-called \u201csession cookies.\u201d They are automatically deleted after your visit. Other cookies remain in your device\u2019s memory until you delete them. These cookies make it possible to recognize your browser when you next visit the site.<\/span><\/p>\n<p class=\"Body\"><span lang=\"EN-US\">You can configure your browser to inform you about the use of cookies so that you can decide on a case-by-case basis whether to accept or reject a cookie. Alternatively, your browser can be configured to automatically accept cookies under certain conditions or to always reject them, or to automatically delete cookies when closing your browser. Disabling cookies may limit the functionality of this website.<\/span><\/p>\n<p class=\"Body\"><span lang=\"EN-US\">Cookies which are necessary to allow electronic communications or to provide certain functions you wish to use (such as the shopping cart) are stored pursuant to Art. 6 paragraph 1, letter f of DSGVO. The website operator has a legitimate interest in the storage of cookies to ensure an optimized service provided free of technical errors. If other cookies (such as those used to analyze your surfing behavior) are also stored, they will be treated separately in this privacy policy.<\/span><\/p>\n<p>&nbsp;<\/p>\n<p class=\"Body\"><b><span lang=\"EN-US\">Server log files<\/span><\/b><\/p>\n<p class=\"Body\"><span lang=\"EN-US\">The website provider automatically collects and stores information that your browser automatically transmits to us in \u201cserver log files\u201d. These are:<\/span><\/p>\n<ul>\n<li>Browser type and browser version<\/li>\n<li>Operating system used<\/li>\n<li>Referrer URL<\/li>\n<li>Host name of the accessing computer<\/li>\n<li>Time of the server request<\/li>\n<li>IP address<\/li>\n<\/ul>\n<p class=\"Body\"><span lang=\"EN-US\">These data will not be combined with data from other sources.<\/span><\/p>\n<p class=\"Body\"><span lang=\"EN-US\">The basis for data processing is Art. 6 (1) (b) DSGVO, which allows the processing of data to fulfill a contract or for measures preliminary to a contract.<\/span><\/p>\n<p><strong>\u00a0<\/strong><\/p>\n<p class=\"Body\"><b><span lang=\"EN-US\" style=\"font-size: 12.0pt;\">Analytics and advertising<\/span><\/b><\/p>\n<p class=\"Body\"><b><span lang=\"EN-US\">Google Analytics<\/span><\/b><\/p>\n<p class=\"Body\"><span lang=\"EN-US\">This website uses Google Analytics, a web analytics service. It is operated by Google Inc., 1600 Amphitheatre Parkway, Mountain View, CA 94043, USA.<\/span><\/p>\n<p class=\"Body\"><span lang=\"EN-US\">Google Analytics uses so-called \u201ccookies\u201d. These are text files that are stored on your computer and that allow an analysis of the use of the website by you. The information generated by the cookie about your use of this website is usually transmitted to a Google server in the USA and stored there.<\/span><\/p>\n<p class=\"Body\"><span lang=\"EN-US\">Google Analytics cookies are stored based on Art. 6 (1) (f) DSGVO. The website operator has a legitimate interest in analyzing user behavior to optimize both its website and its advertising.<\/span><\/p>\n<p>&nbsp;<\/p>\n<p class=\"Body\"><b><span lang=\"EN-US\">IP anonymization<\/span><\/b><\/p>\n<p class=\"Body\"><span lang=\"EN-US\">We have activated the IP anonymization feature on this website. Your IP address will be shortened by Google within the European Union or other parties to the Agreement on the European Economic Area prior to transmission to the United States. Only in exceptional cases is the full IP address sent to a Google server in the US and shortened there. Google will use this information on behalf of the operator of this website to evaluate your use of the website, to compile reports on website activity, and to provide other services regarding website activity and Internet usage for the website operator. The IP address transmitted by your browser as part of Google Analytics will not be merged with any other data held by Google.<\/span><\/p>\n<p>&nbsp;<\/p>\n<p class=\"Body\"><b><span lang=\"EN-US\">Browser plugin<\/span><\/b><\/p>\n<p class=\"Body\"><span lang=\"EN-US\">You can prevent these cookies being stored by selecting the appropriate settings in your browser. However, we wish to point out that doing so may mean you will not be able to enjoy the full functionality of this website. You can also prevent the data generated by cookies about your use of the website (incl. your IP address) from being passed to Google, and the processing of these data by Google, by downloading and installing the browser plugin available at the following link:\u00a0<a href=\"https:\/\/tools.google.com\/dlpage\/gaoptout?hl=en.\" target=\"_blank\" rel=\"noopener\">https:\/\/tools.google.com\/dlpage\/gaoptout?hl=en.<\/a><\/span><\/p>\n<p>&nbsp;<\/p>\n<p class=\"Body\"><b><span lang=\"EN-US\">Objecting to the collection of data<\/span><\/b><\/p>\n<p class=\"Body\"><span lang=\"EN-US\">You can prevent the collection of your data by Google Analytics by clicking on the following link. An opt-out cookie will be set to prevent your data from being collected on future visits to this site:\u00a0Disable Google Analytics.<\/span><\/p>\n<p class=\"Body\"><span lang=\"EN-US\">For more information about how Google Analytics handles user data, see Google\u2019s privacy policy:\u00a0<a href=\"https:\/\/support.google.com\/analytics\/answer\/6004245?hl=en\" target=\"_blank\" rel=\"noopener\">https:\/\/support.google.com\/analytics\/answer\/6004245?hl=en<\/a>.<\/span><\/p>\n<p>&nbsp;<\/p>\n<p class=\"Body\"><b><span lang=\"EN-US\">Outsourced data processing<\/span><\/b><\/p>\n<p class=\"Body\"><span lang=\"EN-US\">We have entered into an agreement with Google for the outsourcing of our data processing and fully implement the strict requirements of the German data protection authorities when using Google Analytics.<\/span><\/p>\n<p>&nbsp;<\/p>\n<p class=\"Body\"><b><span lang=\"EN-US\">Demographic data collection by Google Analytics<\/span><\/b><\/p>\n<p class=\"Body\"><span lang=\"EN-US\">This website uses Google Analytics\u2019 demographic features. This allows reports to be generated containing statements about the age, gender, and interests of site visitors. This data comes from interest-based advertising from Google and third-party visitor data. This collected data cannot be attributed to any specific individual person. You can disable this feature at any time by adjusting the ads settings in your Google account or you can forbid the collection of your data by Google Analytics as described in the section \u201cRefusal of data collection\u201d.<\/span><\/p>\n<p><strong>\u00a0<\/strong><\/p>\n<p class=\"Body\"><b><span lang=\"EN-US\" style=\"font-size: 12.0pt;\">Plugins and tools<\/span><\/b><\/p>\n<p class=\"Body\"><b><span lang=\"EN-US\">Google Web Fonts<\/span><\/b><\/p>\n<p class=\"Body\"><span lang=\"EN-US\">For uniform representation of fonts, this page uses web fonts provided by Google. When you open a page, your browser loads the required web fonts into your browser cache to display texts and fonts correctly.<\/span><\/p>\n<p class=\"Body\"><span lang=\"EN-US\">When you call up a page of our website that contains a social plugin, your browser makes a direct connection with Google servers. Google thus becomes aware that our web page was accessed via your IP address. The use of Google Web fonts is done in the interest of a uniform and attractive presentation of our website. This constitutes a justified interest pursuant to Art. 6 (1) (f) DSGVO.<\/span><\/p>\n<p class=\"Body\"><span lang=\"EN-US\">If your browser does not support web fonts, a standard font is used by your computer.<\/span><\/p>\n<p class=\"Body\"><span lang=\"EN-US\">Further information about handling user data, can be found at\u00a0<a href=\"https:\/\/developers.google.com\/fonts\/faq\" target=\"_blank\" rel=\"nofollow noopener\">https:\/\/developers.google.com\/fonts\/faq<\/a>\u00a0\u00adand in Google\u2019s privacy policy at\u00a0<a href=\"https:\/\/www.google.com\/policies\/privacy\/\" target=\"_blank\" rel=\"nofollow noopener\">https:\/\/www.google.com\/policies\/privacy\/<\/a>.<\/span><\/p>\n<\/div>\n<\/div><\/div><\/div><\/div><\/div><\/div>","protected":false},"excerpt":{"rendered":"<p>Privacy Policy An overview of data protection &nbsp; General The following gives a simple overview of what happens to your personal information when you visit our website. Personal information is any data with which you could be personally identified. Detailed information on the subject of data protection can be found in our privacy policy found &#8230;<\/p>\n","protected":false},"author":1,"featured_media":0,"parent":0,"menu_order":0,"comment_status":"closed","ping_status":"closed","template":"","meta":{"footnotes":""},"class_list":["post-3149","page","type-page","status-publish"],"_links":{"self":[{"href":"https:\/\/www.hamag.de\/en\/wp-json\/wp\/v2\/pages\/3149","targetHints":{"allow":["GET"]}}],"collection":[{"href":"https:\/\/www.hamag.de\/en\/wp-json\/wp\/v2\/pages"}],"about":[{"href":"https:\/\/www.hamag.de\/en\/wp-json\/wp\/v2\/types\/page"}],"author":[{"embeddable":true,"href":"https:\/\/www.hamag.de\/en\/wp-json\/wp\/v2\/users\/1"}],"replies":[{"embeddable":true,"href":"https:\/\/www.hamag.de\/en\/wp-json\/wp\/v2\/comments?post=3149"}],"version-history":[{"count":20,"href":"https:\/\/www.hamag.de\/en\/wp-json\/wp\/v2\/pages\/3149\/revisions"}],"predecessor-version":[{"id":4624,"href":"https:\/\/www.hamag.de\/en\/wp-json\/wp\/v2\/pages\/3149\/revisions\/4624"}],"wp:attachment":[{"href":"https:\/\/www.hamag.de\/en\/wp-json\/wp\/v2\/media?parent=3149"}],"curies":[{"name":"wp","href":"https:\/\/api.w.org\/{rel}","templated":true}]}}